{"id":3,"date":"2022-10-26T10:18:40","date_gmt":"2022-10-26T10:18:40","guid":{"rendered":"https:\/\/www.labiatae.si\/?page_id=3"},"modified":"2022-10-30T19:23:49","modified_gmt":"2022-10-30T19:23:49","slug":"privacy-policy","status":"publish","type":"page","link":"https:\/\/www.labiatae.si\/en\/privacy-policy\/","title":{"rendered":"POLITIKA ZASEBNOSTI"},"content":{"rendered":"<h4 class=\"wp-block-heading\">politika zasebnosti<\/h4><h4 class=\"wp-block-heading\">Kdo smo<\/h4><p><small>Na\u0161 spletni naslov: https:\/\/www.labiatae.si.<\/small><\/p><h5 class=\"wp-block-heading\">komentarji<\/h5><p><small>Ko na\u0161i obiskovalci komentirajo spletno mesto, zberemo podatke, prikazane v obrazcu za komentarje, ter IP naslov obiskovalca ter niz uporabni\u0161kega agenta brskalnika za pomo\u010d pri odkrivanju ne\u017eelene po\u0161te.<\/small><\/p><p><small>Anonimiziran niz, ustvarjen iz va\u0161ega e-po\u0161tnega naslova (imenovan tudi hash), se lahko posreduje storitvi Gravatar, da preveri, ali ga uporabljate. Politika zasebnosti storitve Gravatar je na voljo tukaj: https:\/\/automattic.com\/privacy\/. Po odobritvi va\u0161ega komentarja je va\u0161a profilna slika vidna javnosti v kontekstu va\u0161ega komentarja.<\/small><\/p><h5 class=\"wp-block-heading\">Mediji<\/h5><p><small>\u010ce nalagate slike na spletno mesto, se izogibajte nalaganju slik z vklju\u010denimi vdelanimi podatki o lokaciji (EXIF GPS). Obiskovalci spletnega mesta lahko namre\u010d prenesejo in izvle\u010dejo vse podatke o lokaciji iz slik na tem spletnem mestu.<\/small><\/p><h5 class=\"wp-block-heading\">PI\u0160KOTKI<\/h5><p><small>\u010ce pustite komentar na na\u0161em spletnem mestu, se lahko odlo\u010dite za shranjevanje va\u0161ega imena, e-po\u0161tnega naslova in spletnega mesta v pi\u0161kotkih. Gre za izbolj\u0161anje va\u0161e uporabni\u0161ke izku\u0161nje pri obisku na\u0161e spletne strani, tako vam na primer ni treba znova vna\u0161ati svojih podatkov, ko pustite nov komentar. Ti pi\u0161kotki bodo shranjeni eno leto.<\/small><\/p><p><small>\u010ce obi\u0161\u010dete na\u0161o prijavno stran, bomo nastavili za\u010dasni pi\u0161kotek, da ugotovimo, ali va\u0161 brskalnik sprejema pi\u0161kotke. Ta pi\u0161kotek ne vsebuje osebnih podatkov in se zavr\u017ee, ko zaprete va\u0161 brskalnik.<\/small><\/p><p><small>Ko se prijavite, bomo nastavili tudi ve\u010d pi\u0161kotkov, da lahko shranimo va\u0161e podatke za ponovno prijavo in va\u0161o izbiro prikaza na zaslonu. Pi\u0161kotki za prijavo trajajo dva dni, pi\u0161kotki z mo\u017enostmi prikaza zaslona pa eno leto. \u010ce izberete &#8220;Zapomni si me&#8221;, se bo va\u0161a prijava ohranila dva tedna. \u010ce se odjavite iz svojega ra\u010duna, bodo prijavni pi\u0161kotki odstranjeni.<\/small><\/p><p><small>\u010ce uredite ali objavite prispevek, se v va\u0161 brskalnik shrani dodaten pi\u0161kotek. Ta pi\u0161kotek ne vklju\u010duje nobenih osebnih podatkov in samo ozna\u010duje ID objave prispevka, ki ste ga pravkar uredili. Pi\u0161kotek pote\u010de po 1 dnevu (ta funkcionalnost ni vklopljena). <\/small><\/p><h5 class=\"wp-block-heading\">VGRAJENE VSEBINE IZ DRUGIH SPLETNIH STRANI<\/h5><p><small>Prispevki na tem spletnem mestu lahko vklju\u010dujejo vdelano vsebino (npr. videe, slike, druge prispevke itd.). Vdelana vsebina z drugih spletnih mest se obna\u0161a na povsem enak na\u010din, kot \u010de bi obiskovalec obiskal drugo spletno mesto.<\/small><\/p><p><small>Ta spletna mesta lahko zbirajo podatke o vas, uporabljajo pi\u0161kotke, vdelajo dodatno sledenje tretjih oseb in spremljajo va\u0161o interakcijo s to vdelano vsebino, vklju\u010dno s sledenjem va\u0161i interakciji, \u010de imate ra\u010dun in ste prijavljeni na to spletno mesto.<\/small><\/p><h5 class=\"wp-block-heading\">s kom delimo va\u0161e podatke<\/h5><p><small>\u010ce zahtevate ponastavitev gesla, bo va\u0161 naslov IP vklju\u010den v e-po\u0161tno sporo\u010dilo za ponastavitev.<\/small><\/p><h5 class=\"wp-block-heading\">kako dolgo hranimo va\u0161e podatke<\/h5><p><small>\u010ce ste zapisali komentar, se komentar in njegovi metapodatki hranijo za nedolo\u010den \u010das. Tako lahko samodejno prepoznamo in odobrimo va\u0161e nadaljnje komentarje, namesto, da jih zadr\u017eimo v \u010dakalni vrsti za moderiranje.<\/small><\/p><p><small>Za uporabnike, ki se registrirajo na na\u0161i spletni strani (\u010de obstajajo), hranimo tudi osebne podatke, ki jih posredujejo v svojem uporabni\u0161kem profilu\/obrazcu. Vsi uporabniki lahko kadar koli vidijo, uredijo ali izbri\u0161ejo svoje osebne podatke (le da ne morejo spremeniti uporabni\u0161kega imena). Te podatke lahko vidijo in urejajo tudi skrbniki na\u0161ega spletnega mesta.<\/small><\/p><h5 class=\"wp-block-heading\">kak\u0161ne pravice imate nad podatki<\/h5><p><small>\u010ce ste si na tem spletnem mestu ustvarili ra\u010dun ali ste pustili komentarje, lahko zahtevate prejem izvo\u017eene datoteke osebnih podatkov, vklju\u010dno z vsemi podatki, ki ste nam jih posredovali. Prav tako lahko zahtevate, da izbri\u0161emo vse osebne podatke, ki jih imamo o vas. To sicer ne vklju\u010duje podatkov, ki smo jih dol\u017eni hraniti za administrativne, pravne ali varnostne namene.<\/small><\/p><h5 class=\"wp-block-heading\">komu lahko po\u0161ljemo va\u0161e podatke<\/h5><p><small>Komentarje obiskovalcev je mogo\u010de preveriti prek storitve avtomatiziranega zaznavanja ne\u017eelene po\u0161te, zato so ti podatki lahko posredovani tem storitvam.<\/small><\/p><p>{:}{:en}<\/p><h4 class=\"wp-block-heading\">PRIVACY POLICY<\/h4><h4 class=\"wp-block-heading\">Who we are<\/h4><p><small>Our website address is: https:\/\/www.labiatae.si.<\/small><\/p><h5 class=\"wp-block-heading\">Comments<\/h5><p><small>When visitors leave comments on the site we collect the data shown in the comments form, and also the visitor\u2019s IP address and browser user agent string to help spam detection.<\/small><\/p><p><small>An anonymized string created from your email address (also called a hash) may be provided to the Gravatar service to see if you are using it. The Gravatar service privacy policy is available here: https:\/\/automattic.com\/privacy\/. After approval of your comment, your profile picture is visible to the public in the context of your comment.<\/small><\/p><h5 class=\"wp-block-heading\">Media<\/h5><p><small>If you upload images to the website, you should avoid uploading images with embedded location data (EXIF GPS) included. Visitors to the website can download and extract any location data from images on the website.<\/small><\/p><h5 class=\"wp-block-heading\">Cookies<\/h5><p><small>If you leave a comment on our site you may opt-in to saving your name, email address and website in cookies. These are for your convenience so that you do not have to fill in your details again when you leave another comment. These cookies will last for one year.<\/small><\/p><p><small>If you visit our login page, we will set a temporary cookie to determine if your browser accepts cookies. This cookie contains no personal data and is discarded when you close your browser.<\/small><\/p><p><small>When you log in, we will also set up several cookies to save your login information and your screen display choices. Login cookies last for two days, and screen options cookies last for a year. If you select &#8220;Remember Me&#8221;, your login will persist for two weeks. If you log out of your account, the login cookies will be removed.<\/small><\/p><p><small>If you edit or publish an article, an additional cookie will be saved in your browser. This cookie includes no personal data and simply indicates the post ID of the article you just edited. It expires after 1 day.<\/small><\/p><h5 class=\"wp-block-heading\">Embedded content from other websites<\/h5><p>Articles on this site may include embedded content (e.g. videos, images, articles, etc.). Embedded content from other websites behaves in the exact same way as if the visitor has visited the other website.<\/p><p><small>These websites may collect data about you, use cookies, embed additional third-party tracking, and monitor your interaction with that embedded content, including tracking your interaction with the embedded content if you have an account and are logged in to that website.<\/small><\/p><h5 class=\"wp-block-heading\">Who we share your data with<\/h5><p><small>If you request a password reset, your IP address will be included in the reset email.<\/small><\/p><h5 class=\"wp-block-heading\">How long we retain your data<\/h5><p><small>If you leave a comment, the comment and its metadata are retained indefinitely. This is so we can recognize and approve any follow-up comments automatically instead of holding them in a moderation queue.<\/small><\/p><p><small>For users that register on our website (if any), we also store the personal information they provide in their user profile. All users can see, edit, or delete their personal information at any time (except they cannot change their username). Website administrators can also see and edit that information.<\/small><\/p><h5 class=\"wp-block-heading\">What rights you have over your data<\/h5><p><small>If you have an account on this site, or have left comments, you can request to receive an exported file of the personal data we hold about you, including any data you have provided to us. You can also request that we erase any personal data we hold about you. This does not include any data we are obliged to keep for administrative, legal, or security purposes.<\/small><\/p><h5 class=\"wp-block-heading\">Where your data is sent<\/h5><p><small>Visitor comments may be checked through an automated spam detection service.<\/small><\/p><p>{:}<\/p>","protected":false},"excerpt":{"rendered":"<p>politika zasebnosti Kdo smo Na\u0161 spletni naslov: https:\/\/www.labiatae.si. komentarji Ko na\u0161i obiskovalci komentirajo spletno mesto, zberemo podatke, prikazane v obrazcu za komentarje, ter IP naslov obiskovalca ter niz uporabni\u0161kega agenta [&hellip;]<\/p>","protected":false},"author":1,"featured_media":0,"parent":0,"menu_order":0,"comment_status":"closed","ping_status":"open","template":"","meta":{"footnotes":""},"class_list":["post-3","page","type-page","status-publish","hentry"],"jetpack_sharing_enabled":true,"_links":{"self":[{"href":"https:\/\/www.labiatae.si\/en\/wp-json\/wp\/v2\/pages\/3"}],"collection":[{"href":"https:\/\/www.labiatae.si\/en\/wp-json\/wp\/v2\/pages"}],"about":[{"href":"https:\/\/www.labiatae.si\/en\/wp-json\/wp\/v2\/types\/page"}],"author":[{"embeddable":true,"href":"https:\/\/www.labiatae.si\/en\/wp-json\/wp\/v2\/users\/1"}],"replies":[{"embeddable":true,"href":"https:\/\/www.labiatae.si\/en\/wp-json\/wp\/v2\/comments?post=3"}],"version-history":[{"count":6,"href":"https:\/\/www.labiatae.si\/en\/wp-json\/wp\/v2\/pages\/3\/revisions"}],"predecessor-version":[{"id":1267,"href":"https:\/\/www.labiatae.si\/en\/wp-json\/wp\/v2\/pages\/3\/revisions\/1267"}],"wp:attachment":[{"href":"https:\/\/www.labiatae.si\/en\/wp-json\/wp\/v2\/media?parent=3"}],"curies":[{"name":"wp","href":"https:\/\/api.w.org\/{rel}","templated":true}]}}