{"id":362,"date":"2021-08-17T17:03:43","date_gmt":"2021-08-17T17:03:43","guid":{"rendered":"https:\/\/demo.athemes.com\/botiga\/?page_id=362"},"modified":"2023-06-21T10:46:17","modified_gmt":"2023-06-21T10:46:17","slug":"domov","status":"publish","type":"page","link":"https:\/\/www.labiatae.si\/en\/","title":{"rendered":"THE BRAND"},"content":{"rendered":"<div id=\"athemes-blocks-block-e3d2b1a3\" class=\"wp-block-athemes-athemes-blocks-block-container athemes-blocks-block athemes-blocks-block-e3d2b1a3 athemes-blocks-block-container alignfull\"><div class=\"athemes-blocks-block-container-wrapper athemes-blocks-block-container-bg-cover athemes-blocks-block-container-bg-effect-scroll\"><img class=\"athemes-blocks-background-image\" width=\"3064\" height=\"2228\" srcset=\"https:\/\/www.labiatae.si\/wp-content\/uploads\/2022\/11\/znamka-150x150.png 150w, https:\/\/www.labiatae.si\/wp-content\/uploads\/2022\/11\/znamka-300x218.png 300w, https:\/\/www.labiatae.si\/wp-content\/uploads\/2022\/11\/znamka-1024x745.png 1024w, https:\/\/www.labiatae.si\/wp-content\/uploads\/2022\/11\/znamka-18x12.png 18w, https:\/\/www.labiatae.si\/wp-content\/uploads\/2022\/11\/znamka.png 3064w, \" sizes=\"(max-width: 3064px) 100vw, 3064px\" alt=\"\" loading=\"lazy\"\/><div class=\"athemes-blocks-block-container-wrapper-content\"><div class=\"wp-block-columns is-layout-flex wp-container-core-columns-is-layout-1 wp-block-columns-is-layout-flex\"><div class=\"wp-block-column is-layout-flow wp-block-column-is-layout-flow\" style=\"flex-basis:66.66%\"><p><\/p>\n\n<h2 class=\"wp-block-heading alignfull has-gigantic-font-size\" style=\"font-style:normal;font-weight:300\">LIQUORS<br>TEAS<br>HYDROLATES<br>BATH SOAKS<\/h2>\n\n<h2 class=\"wp-block-heading has-huge-font-size\" style=\"font-style:normal;font-weight:300\"><em>Labiatae<\/em><\/h2>\n\n<div class=\"wp-block-buttons alignwide is-layout-flex wp-block-buttons-is-layout-flex\"><div class=\"wp-block-button\"><a class=\"wp-block-button__link wp-element-button\" href=\"https:\/\/www.labiatae.si\/en\/651-2\/\">BUY NOW<\/a><\/div><\/div>\n\n<p><\/p>\n\n<p><\/p>\n\n<p><\/p>\n\n<p><em><br><\/em><\/p><\/div>\n\n<div class=\"wp-block-column is-layout-flow wp-block-column-is-layout-flow\" style=\"flex-basis:33.33%\"><div class=\"wp-block-image\"><figure class=\"alignright size-full is-resized\"><img loading=\"lazy\" decoding=\"async\" src=\"https:\/\/www.labiatae.si\/wp-content\/uploads\/2022\/10\/cropped-labiatae_logo-1.png\" alt=\"\" class=\"wp-image-600\" width=\"186\" height=\"186\" srcset=\"https:\/\/www.labiatae.si\/wp-content\/uploads\/2022\/10\/cropped-labiatae_logo-1.png 512w, https:\/\/www.labiatae.si\/wp-content\/uploads\/2022\/10\/cropped-labiatae_logo-1-300x300.png 300w, https:\/\/www.labiatae.si\/wp-content\/uploads\/2022\/10\/cropped-labiatae_logo-1-150x150.png 150w, https:\/\/www.labiatae.si\/wp-content\/uploads\/2022\/10\/cropped-labiatae_logo-1-380x380.png 380w, https:\/\/www.labiatae.si\/wp-content\/uploads\/2022\/10\/cropped-labiatae_logo-1-420x420.png 420w, https:\/\/www.labiatae.si\/wp-content\/uploads\/2022\/10\/cropped-labiatae_logo-1-100x100.png 100w, https:\/\/www.labiatae.si\/wp-content\/uploads\/2022\/10\/cropped-labiatae_logo-1-270x270.png 270w, https:\/\/www.labiatae.si\/wp-content\/uploads\/2022\/10\/cropped-labiatae_logo-1-192x192.png 192w, https:\/\/www.labiatae.si\/wp-content\/uploads\/2022\/10\/cropped-labiatae_logo-1-180x180.png 180w, https:\/\/www.labiatae.si\/wp-content\/uploads\/2022\/10\/cropped-labiatae_logo-1-32x32.png 32w\" sizes=\"(max-width: 186px) 100vw, 186px\" \/><\/figure><\/div><\/div><\/div><\/div><\/div><\/div><div style=\"height:15px\" aria-hidden=\"true\" class=\"wp-block-spacer\"><\/div><blockquote class=\"wp-block-quote is-layout-flow wp-block-quote-is-layout-flow\"><p>Our <em>Labiatae<\/em>, so naravna, ekolo\u0161ka in lokalnega porekla, vzgojena ali nabrana s vso skrbnostjo in pozornostjo ter posu\u0161ena na prepihu ali destilirana z vodo iz izvira. Tako ujeta v kapljicah, likerjih, stekleni\u010dkah in di\u0161avah vam bodo drobec neokrnjenih Haloz prebudila tudi doma ter vam polep\u0161ala dan.<\/p><\/blockquote><p class=\"has-background\" style=\"background-color:#f6ebfc\">Labiatae Halonga was founded in 2020. Since then it has been developing quality boutique products from herbs, where it was awarded for its herbal-fruit liqueurs at international competition of taste recognition of products from herbs, medicinal plants, hemp and honey.<\/p><div style=\"height:10px\" aria-hidden=\"true\" class=\"wp-block-spacer\"><\/div><h3 class=\"wp-block-heading has-text-align-center\">NUM. 1 BETWEEN THE LIQUORS<\/h3><p class=\"has-text-align-center\">Herbal fruit liqueurs for him and her.<\/p><div id=\"athemes-blocks-block-ac7d256e\" class=\"wp-block-athemes-athemes-blocks-block-container athemes-blocks-block athemes-blocks-block-ac7d256e athemes-blocks-block-container alignfull\"><div class=\"athemes-blocks-block-container-wrapper athemes-blocks-block-container-bg-cover athemes-blocks-block-container-bg-effect-scroll\"><img class=\"athemes-blocks-background-image\" width=\"3064\" height=\"2228\" srcset=\"https:\/\/www.labiatae.si\/wp-content\/uploads\/2022\/11\/medalja_likerji-1-150x150.png 150w, https:\/\/www.labiatae.si\/wp-content\/uploads\/2022\/11\/medalja_likerji-1-300x218.png 300w, https:\/\/www.labiatae.si\/wp-content\/uploads\/2022\/11\/medalja_likerji-1-1024x745.png 1024w, https:\/\/www.labiatae.si\/wp-content\/uploads\/2022\/11\/medalja_likerji-1-18x12.png 18w, https:\/\/www.labiatae.si\/wp-content\/uploads\/2022\/11\/medalja_likerji-1.png 3064w, \" sizes=\"(max-width: 3064px) 100vw, 3064px\" alt=\"\" loading=\"lazy\"\/><div class=\"athemes-blocks-block-container-wrapper-content\"><div class=\"wp-block-columns is-layout-flex wp-container-core-columns-is-layout-2 wp-block-columns-is-layout-flex\"><div class=\"wp-block-column is-layout-flow wp-block-column-is-layout-flow\" style=\"flex-basis:66.66%\"><p><\/p>\n\n<h2 class=\"wp-block-heading alignfull has-gigantic-font-size\" style=\"font-style:normal;font-weight:300\">LIQUORS<\/h2>\n\n<h2 class=\"wp-block-heading has-huge-font-size\" style=\"font-style:normal;font-weight:300\"><\/h2>\n\n<div style=\"height:258px\" aria-hidden=\"true\" class=\"wp-block-spacer\"><\/div>\n\n<div class=\"wp-block-buttons alignwide is-layout-flex wp-container-core-buttons-is-layout-2 wp-block-buttons-is-layout-flex\"><div class=\"wp-block-button alignleft\"><a class=\"wp-block-button__link wp-element-button\">BUY NOW<\/a><\/div><\/div>\n\n<p><\/p>\n\n<p><\/p>\n\n<p><\/p>\n\n<p><em><br><\/em><\/p><\/div>\n\n<div class=\"wp-block-column is-layout-flow wp-block-column-is-layout-flow\" style=\"flex-basis:33.33%\"><div class=\"wp-block-image\"><figure class=\"alignright size-full is-resized\"><img loading=\"lazy\" decoding=\"async\" src=\"https:\/\/www.labiatae.si\/blog\/wp-content\/uploads\/2022\/10\/gold1.png\" alt=\"\" class=\"wp-image-537\" width=\"188\" height=\"259\"\/><\/figure><\/div><\/div><\/div><\/div><\/div><\/div><div style=\"height:31px\" aria-hidden=\"true\" class=\"wp-block-spacer\"><\/div><p class=\"has-text-align-center\">To learn more about fragrances, herbs and bees (only in Slovenian, translation in progress)<\/p><div id=\"athemes-blocks-block-87c58d35\" class=\"wp-block-athemes-athemes-blocks-block-container athemes-blocks-block athemes-blocks-block-87c58d35 athemes-blocks-block-container alignfull\"><div class=\"athemes-blocks-block-container-wrapper athemes-blocks-block-container-bg-contain athemes-blocks-block-container-bg-effect-scroll\"><img class=\"athemes-blocks-background-image\" width=\"1464\" height=\"690\" srcset=\"https:\/\/www.labiatae.si\/wp-content\/uploads\/2022\/10\/Zaslonska-slika-2022-10-27-12-32-24-150x150.png 150w, https:\/\/www.labiatae.si\/wp-content\/uploads\/2022\/10\/Zaslonska-slika-2022-10-27-12-32-24-300x141.png 300w, https:\/\/www.labiatae.si\/wp-content\/uploads\/2022\/10\/Zaslonska-slika-2022-10-27-12-32-24-1024x483.png 1024w, https:\/\/www.labiatae.si\/wp-content\/uploads\/2022\/10\/Zaslonska-slika-2022-10-27-12-32-24.png 1464w, \" sizes=\"(max-width: 1464px) 100vw, 1464px\" alt=\"\" loading=\"lazy\"\/><div class=\"athemes-blocks-block-container-wrapper-content\"><h3 class=\"wp-block-heading has-text-align-center\" style=\"font-style:normal;font-weight:400\">Booklet<\/h3>\n\n<p class=\"has-text-align-center\"><\/p>\n\n<div class=\"wp-block-buttons is-horizontal is-content-justification-center is-layout-flex wp-container-core-buttons-is-layout-3 wp-block-buttons-is-layout-flex\"><div class=\"wp-block-button\"><a class=\"wp-block-button__link wp-element-button\">FREE DOWNLOAD<\/a><\/div><\/div>\n\n<p><\/p><\/div><\/div><\/div><div id=\"athemes-blocks-block-a35cb78f\" class=\"wp-block-athemes-athemes-blocks-block-container athemes-blocks-block athemes-blocks-block-a35cb78f athemes-blocks-block-container alignfull\"><div class=\"athemes-blocks-block-container-wrapper athemes-blocks-block-container-bg-contain athemes-blocks-block-container-bg-effect-scroll\"><img class=\"athemes-blocks-background-image\" width=\"1538\" height=\"733\" srcset=\"https:\/\/www.labiatae.si\/wp-content\/uploads\/2022\/10\/Zaslonska-slika-2022-10-27-12-28-40-150x150.png 150w, https:\/\/www.labiatae.si\/wp-content\/uploads\/2022\/10\/Zaslonska-slika-2022-10-27-12-28-40-300x143.png 300w, https:\/\/www.labiatae.si\/wp-content\/uploads\/2022\/10\/Zaslonska-slika-2022-10-27-12-28-40-1024x488.png 1024w, https:\/\/www.labiatae.si\/wp-content\/uploads\/2022\/10\/Zaslonska-slika-2022-10-27-12-28-40.png 1538w, \" sizes=\"(max-width: 1538px) 100vw, 1538px\" alt=\"\" loading=\"lazy\"\/><div class=\"athemes-blocks-block-container-wrapper-content\"><h3 class=\"wp-block-heading has-text-align-center\" style=\"font-style:normal;font-weight:400\">Booklet<\/h3>\n\n<p class=\"has-text-align-center\"><\/p>\n\n<div class=\"wp-block-buttons is-horizontal is-content-justification-center is-layout-flex wp-container-core-buttons-is-layout-4 wp-block-buttons-is-layout-flex\"><div class=\"wp-block-button\"><a class=\"wp-block-button__link wp-element-button\">FREE DOWNLOAD<\/a><\/div><\/div><\/div><\/div><\/div><div style=\"height:16px\" aria-hidden=\"true\" class=\"wp-block-spacer\"><\/div><h3 class=\"wp-block-heading has-text-align-center\">our fragances<\/h3><p class=\"has-text-align-center\">Labiatae for you in liqueurs, teas, hydrolats and bath soaks. <\/p><div class=\"wp-block-columns is-layout-flex wp-container-core-columns-is-layout-3 wp-block-columns-is-layout-flex\"><div class=\"wp-block-column is-layout-flow wp-block-column-is-layout-flow\"><div class=\"wp-block-image\"><figure class=\"aligncenter size-full\"><a href=\"https:\/\/www.labiatae.si\/wp-content\/uploads\/2023\/01\/logo_kmalu.png\"><img loading=\"lazy\" decoding=\"async\" width=\"455\" height=\"454\" src=\"https:\/\/www.labiatae.si\/wp-content\/uploads\/2023\/01\/logo_kmalu.png\" alt=\"\" class=\"wp-image-1382\" srcset=\"https:\/\/www.labiatae.si\/wp-content\/uploads\/2023\/01\/logo_kmalu.png 455w, https:\/\/www.labiatae.si\/wp-content\/uploads\/2023\/01\/logo_kmalu-300x300.png 300w, https:\/\/www.labiatae.si\/wp-content\/uploads\/2023\/01\/logo_kmalu-150x150.png 150w, https:\/\/www.labiatae.si\/wp-content\/uploads\/2023\/01\/logo_kmalu-12x12.png 12w, https:\/\/www.labiatae.si\/wp-content\/uploads\/2023\/01\/logo_kmalu-380x379.png 380w, https:\/\/www.labiatae.si\/wp-content\/uploads\/2023\/01\/logo_kmalu-420x419.png 420w, https:\/\/www.labiatae.si\/wp-content\/uploads\/2023\/01\/logo_kmalu-100x100.png 100w\" sizes=\"(max-width: 455px) 100vw, 455px\" \/><\/a><\/figure><\/div>\n\n<p class=\"has-text-align-center\">Liquors<\/p><\/div>\n\n<div class=\"wp-block-column is-layout-flow wp-block-column-is-layout-flow\"><div class=\"wp-block-image\"><figure class=\"aligncenter size-full\"><a href=\"https:\/\/www.labiatae.si\/wp-content\/uploads\/2023\/01\/logo_kmalu.png\" target=\"_blank\" rel=\"noreferrer noopener\"><img loading=\"lazy\" decoding=\"async\" width=\"455\" height=\"454\" src=\"https:\/\/www.labiatae.si\/wp-content\/uploads\/2023\/01\/logo_kmalu.png\" alt=\"\" class=\"wp-image-1382\" srcset=\"https:\/\/www.labiatae.si\/wp-content\/uploads\/2023\/01\/logo_kmalu.png 455w, https:\/\/www.labiatae.si\/wp-content\/uploads\/2023\/01\/logo_kmalu-300x300.png 300w, https:\/\/www.labiatae.si\/wp-content\/uploads\/2023\/01\/logo_kmalu-150x150.png 150w, https:\/\/www.labiatae.si\/wp-content\/uploads\/2023\/01\/logo_kmalu-12x12.png 12w, https:\/\/www.labiatae.si\/wp-content\/uploads\/2023\/01\/logo_kmalu-380x379.png 380w, https:\/\/www.labiatae.si\/wp-content\/uploads\/2023\/01\/logo_kmalu-420x419.png 420w, https:\/\/www.labiatae.si\/wp-content\/uploads\/2023\/01\/logo_kmalu-100x100.png 100w\" sizes=\"(max-width: 455px) 100vw, 455px\" \/><\/a><\/figure><\/div>\n\n<p class=\"has-text-align-center\">Teas<\/p><\/div>\n\n<div class=\"wp-block-column is-layout-flow wp-block-column-is-layout-flow\"><div class=\"wp-block-image\"><figure class=\"aligncenter size-large\"><a href=\"https:\/\/www.labiatae.si\/en\/651-2\/\" rel=\"https:\/\/www.labiatae.si\/651-2\/\"><img loading=\"lazy\" decoding=\"async\" width=\"1024\" height=\"934\" src=\"https:\/\/www.labiatae.si\/wp-content\/uploads\/2023\/01\/izdelek-1024x934.png\" alt=\"\" class=\"wp-image-1396\" srcset=\"https:\/\/www.labiatae.si\/wp-content\/uploads\/2023\/01\/izdelek-1024x934.png 1024w, https:\/\/www.labiatae.si\/wp-content\/uploads\/2023\/01\/izdelek-300x274.png 300w, https:\/\/www.labiatae.si\/wp-content\/uploads\/2023\/01\/izdelek-768x701.png 768w, https:\/\/www.labiatae.si\/wp-content\/uploads\/2023\/01\/izdelek-1536x1401.png 1536w, https:\/\/www.labiatae.si\/wp-content\/uploads\/2023\/01\/izdelek-2048x1868.png 2048w, https:\/\/www.labiatae.si\/wp-content\/uploads\/2023\/01\/izdelek-13x12.png 13w, https:\/\/www.labiatae.si\/wp-content\/uploads\/2023\/01\/izdelek-1140x1040.png 1140w, https:\/\/www.labiatae.si\/wp-content\/uploads\/2023\/01\/izdelek-920x839.png 920w, https:\/\/www.labiatae.si\/wp-content\/uploads\/2023\/01\/izdelek-575x525.png 575w, https:\/\/www.labiatae.si\/wp-content\/uploads\/2023\/01\/izdelek-380x347.png 380w, https:\/\/www.labiatae.si\/wp-content\/uploads\/2023\/01\/izdelek-420x383.png 420w, https:\/\/www.labiatae.si\/wp-content\/uploads\/2023\/01\/izdelek-800x730.png 800w\" sizes=\"(max-width: 1024px) 100vw, 1024px\" \/><\/a><\/figure><\/div>\n\n<p class=\"has-text-align-center\">Hydrolates<\/p><\/div>\n\n<div class=\"wp-block-column is-layout-flow wp-block-column-is-layout-flow\"><div class=\"wp-block-image\"><figure class=\"aligncenter size-full\"><a href=\"https:\/\/www.labiatae.si\/wp-content\/uploads\/2023\/01\/logo_kmalu.png\"><img loading=\"lazy\" decoding=\"async\" width=\"455\" height=\"454\" src=\"https:\/\/www.labiatae.si\/wp-content\/uploads\/2023\/01\/logo_kmalu.png\" alt=\"\" class=\"wp-image-1382\" srcset=\"https:\/\/www.labiatae.si\/wp-content\/uploads\/2023\/01\/logo_kmalu.png 455w, https:\/\/www.labiatae.si\/wp-content\/uploads\/2023\/01\/logo_kmalu-300x300.png 300w, https:\/\/www.labiatae.si\/wp-content\/uploads\/2023\/01\/logo_kmalu-150x150.png 150w, https:\/\/www.labiatae.si\/wp-content\/uploads\/2023\/01\/logo_kmalu-12x12.png 12w, https:\/\/www.labiatae.si\/wp-content\/uploads\/2023\/01\/logo_kmalu-380x379.png 380w, https:\/\/www.labiatae.si\/wp-content\/uploads\/2023\/01\/logo_kmalu-420x419.png 420w, https:\/\/www.labiatae.si\/wp-content\/uploads\/2023\/01\/logo_kmalu-100x100.png 100w\" sizes=\"(max-width: 455px) 100vw, 455px\" \/><\/a><\/figure><\/div>\n\n<p class=\"has-text-align-center\"><a style=\"text-decoration:none;\" href=\"https:\/\/demo.athemes.com\/botiga\/product-category\/cosmetics\/\">Bath soaks<\/a><\/p><\/div><\/div><div style=\"height:100px\" aria-hidden=\"true\" class=\"wp-block-spacer\"><\/div>","protected":false},"excerpt":{"rendered":"<p>Na\u0161e ustnatice in zeli\u0161\u010da iz Labiatae, so naravna, ekolo\u0161ka in lokalnega porekla, vzgojena ali nabrana s vso skrbnostjo in pozornostjo ter posu\u0161ena na prepihu ali destilirana z vodo iz izvira. [&hellip;]<\/p>","protected":false},"author":1,"featured_media":0,"parent":0,"menu_order":0,"comment_status":"closed","ping_status":"closed","template":"","meta":{"footnotes":""},"class_list":["post-362","page","type-page","status-publish","hentry"],"jetpack_sharing_enabled":true,"_links":{"self":[{"href":"https:\/\/www.labiatae.si\/en\/wp-json\/wp\/v2\/pages\/362"}],"collection":[{"href":"https:\/\/www.labiatae.si\/en\/wp-json\/wp\/v2\/pages"}],"about":[{"href":"https:\/\/www.labiatae.si\/en\/wp-json\/wp\/v2\/types\/page"}],"author":[{"embeddable":true,"href":"https:\/\/www.labiatae.si\/en\/wp-json\/wp\/v2\/users\/1"}],"replies":[{"embeddable":true,"href":"https:\/\/www.labiatae.si\/en\/wp-json\/wp\/v2\/comments?post=362"}],"version-history":[{"count":162,"href":"https:\/\/www.labiatae.si\/en\/wp-json\/wp\/v2\/pages\/362\/revisions"}],"predecessor-version":[{"id":1458,"href":"https:\/\/www.labiatae.si\/en\/wp-json\/wp\/v2\/pages\/362\/revisions\/1458"}],"wp:attachment":[{"href":"https:\/\/www.labiatae.si\/en\/wp-json\/wp\/v2\/media?parent=362"}],"curies":[{"name":"wp","href":"https:\/\/api.w.org\/{rel}","templated":true}]}}