{"id":392,"date":"2021-07-17T07:50:38","date_gmt":"2021-07-17T07:50:38","guid":{"rendered":"https:\/\/demo.athemes.com\/botiga\/?page_id=2"},"modified":"2022-10-30T17:52:00","modified_gmt":"2022-10-30T17:52:00","slug":"pogoji_poslovanja","status":"publish","type":"page","link":"https:\/\/www.labiatae.si\/en\/pogoji_poslovanja\/","title":{"rendered":"Terms of use"},"content":{"rendered":"<h4 class=\"wp-block-heading\">POGOJI POSLOVANJA<\/h4><h5 class=\"wp-block-heading\">Podatki o podjetju<\/h5><p><small>Matej Mertik, Labiatae Halonga s.p.,<br>Poslovna enota HRASTOVEC<br>Hrastovec 137<br>2283 Zavr\u010d<br><br>Dav\u010dna \u0161tevilka: 90043928 (ni zavezanec za pla\u010dilo DDV), <br>Mati\u010dna \u0161tevilka: 8778523000, <br>Datum vpisa v sodni register: 15.12.2020<br><br>IBAN: <strong>SI56 1010 0005 8940 978<\/strong> (Banka Intesa Sanpaolo)<br><br>E-po\u0161ta:\u00a0<a href=\"mailto:info@malinca.si\">info@<\/a>labiatae.si<\/small><\/p><h5 class=\"wp-block-heading\">Splo\u0161ni pogoji poslovanja<\/h5><p><small>Lastnik spletne trgovine Labiatae.si je Matej Mertik, Labiatae Halobga s.p. (v nadaljevanju Labiatae). <\/small><br><small>Splo\u0161ni pogoji poslovanja Labiatae so skladni z Zakonom o varstvu potro\u0161nikov (ZVPot-UPB2). <\/small><br><small>Z uporabo spletne strani se strinjate s spodaj navedenimi pogoji.<\/small><br><small>Trgovina si pridr\u017euje pravico do spremembe pogojev na tej spletni strani brez predhodnega obvestila. Specifikacije in informacije so obvezujo\u010de zgolj v primeru, \u010de so dolo\u010dene v pogodbi. <\/small><\/p><h5 class=\"wp-block-heading\">CENE IN A\u017dURNOST PODATKOV<\/h5><p><small>Cena v spletni trgovini Labiatae na podlagi 1. odstavka 94. \u010dlena Zakona o davku na dodano vrednost  nimajo obra\u010dunanega DDV. Cene so ozna\u010dene v evrih (EUR) in veljajo v trenutku oddaje naro\u010dila ter do dne objave novega cenika. Cene izdelkov veljajo zgolj za nakup preko spletne trgovine Labiatae in ne vklju\u010dujejo dostave. Zavezanci za DDV so dol\u017eni ob nakupu navesti tudi svojo dav\u010dno \u0161tevilko.<\/small><\/p><h5 class=\"wp-block-heading\">PLA\u010cILNA SREDSTVA<\/h5><p><small>\nLabiatae omogo\u010da pla\u010dilo za izdelke in storitve z gotovinskim ali karti\u010dnim pla\u010dilom ob dostavi s Po\u0161to Slovenije (privzeto) ali s pla\u010dilom po UPN obrazcu na ban\u010dni ra\u010dun<\/small><\/p><h5 class=\"wp-block-heading\">NARO\u010cILA<\/h5><p><small>Naro\u010danje preko Labiata poteka 24 ur na dan, vse dni v letu. Potro\u0161nik izbira in naro\u010di na\u0161e izdelke, ki so mu na voljo v spletni trgovini.  Po oddaji naro\u010dila kupec prejme obvestilo po elektronski po\u0161ti o sprejetem naro\u010dilu. V njem so navedeni izbrani izdelki in koli\u010dine ter navodila za pla\u010dilo. Sprejeta naro\u010dila se obravnavajo kot zaklju\u010dena in bodo kot taka tudi izpeljana.<\/small><\/p><h5 class=\"wp-block-heading\">ZAVRNITEV NARO\u010cILA<\/h5><p><small>Labiatae si pridr\u017euje pravico do zavrnitve naro\u010dila, za katerega ugotovi, da ga pod navedenimi pogoji in podatki ne more izvesti. \u010ce je kupec naro\u010dilo \u017ee pla\u010dal, mu trgovina v tem primeru vrne celotno kupnino v roku dveh delovnih dni. <\/small><\/p><h5 class=\"wp-block-heading\">POGOJI DOSTAVE<\/h5><p><small>Za naro\u010dila (znotraj Slovenije) je stro\u0161ek transportnega pakiranja in dostave 3 EUR. V primeru naro\u010dila nad 50 \u20ac stro\u0161kov transportnega pakiranja in dostave ni.<\/small><\/p><h5 class=\"wp-block-heading\">OMEJITEV ODGOVORNOSTI<\/h5><p><small>Lastnosti izdelkov, rok dobave ali cena se lahko izjemoma spremenijo, ponudnik pa ne uspe osve\u017eiti podatkov v spletni trgovini. V tem primeru bo ponudnik kupca obvestil o spremembah in mu omogo\u010dil odstop od naro\u010dila ali zamenjavo naro\u010denega blaga. <\/small><br><br><small>Fotografije ne zagotavljajo lastnosti izdelkov. Labiatae si sicer prizadeva zagotoviti \u010dim blj natan\u010dne fotografije prodajnih buti\u010dnih izdelkov, vendar je pri tem potrebno vse fotografije vzeti kot simboli\u010dne. <\/small><br><br><small>Labiatae si pridr\u017euje pravico do za\u010dasne onesposobitve dostopa do spletne strani v primerih tehni\u010dnih te\u017eav ali vzdr\u017eevalnih del. V primeru pojavljanja tehni\u010dnih te\u017eav si Labiatae pridr\u017euje pravico do preklica naro\u010dil, izvedenih v obdobju nastopa tehni\u010dnih te\u017eav ali vzdr\u017eevalnih del. V takih primerih bo Labiatae obvestila kupca o tehni\u010dnih te\u017eavah ali posodobitvah ter posredovala navodila glede nadaljnjih postopkov. <\/small><br><br><small>Kupec mora pred obiskom spletne strani na lastno odgovornost zagotoviti varnost svojih tehni\u010dnih sredstev za dostop do spletne strani in varnost uporabni\u0161kih imen in gesel na spletni strani. <\/small><br><br><small>Labiatae si pridr\u017euje mo\u017enost odstopa od pogodbe, \u010de se ugotovi bistvena zmota v skladu z 46. \u010dlenom Obligacijskega zakonika.<\/small><\/p><h5 class=\"wp-block-heading\">ODGOVORNOST ZA PRAVNE IN STVARNE NAPAKE<\/h5><p><small>Labiatae odgovarja za stvarne napake, ki jih je blago imelo takrat, ko je nevarnost naklju\u010dnega uni\u010denja ali po\u0161kodovanja pre\u0161la na stranko. Ta trenutek praviloma nastane s prevzemom blaga. <\/small><br><br><small>Ponudnik odgovarja tudi za tiste stvarne napake, ki se poka\u017eejo potem, ko je nevarnost pre\u0161la na kupca, \u010de so posledica vzroka, ki je obstajal \u017ee pred tem. Neznatna stvarna napaka se ne upo\u0161teva. <\/small><br><br><small>Glede pravic in obveznosti izhajajo\u010dih iz stvarnih napak se uporabljajo dolo\u010dbe navedene v \u010dlenih 37. do 40. Zakona o varstvu potro\u0161nikov. <\/small><\/p><h5 class=\"wp-block-heading\">Pravno obvestilo<\/h5><p><small>Spletna trgovina Labiatae in vsi podatki na njej, slike izdelkov, grafi\u010dni in video elementi so za\u0161\u010diteni in jih ni dovoljeno reproducirati ali uporabljati brez predhodnega pisnega dovoljenja Labiatae.<\/small><\/p><h5 class=\"wp-block-heading\">IZJAVA GLEDE PREHRANSKIH IN ZDRAVSTVENIH NAVEDB PRI OPISIH IZDELKOV<\/h5><p><small>Vse informacije na straneh spletne trgovine dru\u017ebe, so zgolj informativnega zna\u010daja in nikakor niso namenjene kot nadomestilo za nasvete le\u010de\u010dega zdravnika ali drugega  zdravstvenega osebja,  prav tako ne morejo biti nadomestilo za ustrezno zdravstveno pomo\u010d. <\/small><br><br><small>Izdelki in trditve o posameznih izdelkih na tej spletni trgovini, niso bili ocenjeni s strani dr\u017eavnih in\u0161titucij in niso namenjeni za zdravljenje ali prepre\u010devanje bolezni.<\/small><\/p><h5 class=\"wp-block-heading\">VARSTVO OSEBNIH PODATKOV<\/h5><p><small>Labiatae se zavezuje, da bodo zbrani osebni podatki, ki jih boste posredovali preko spletne strani, uporabljeni v skladu s to Izjavo o varstvu osebnih podatkov, da va\u0161ih osebnih podatkov ne bo prodajalo, posojalo ali druga\u010de posredovalo tretjim osebam, razen v zakonsko dolo\u010denih primerih.\n<\/small><\/p>","protected":false},"excerpt":{"rendered":"<p>POGOJI POSLOVANJA Podatki o podjetju Matej Mertik, Labiatae Halonga s.p.,Poslovna enota HRASTOVECHrastovec 1372283 Zavr\u010d Dav\u010dna \u0161tevilka: 90043928 (ni zavezanec za pla\u010dilo DDV), Mati\u010dna \u0161tevilka: 8778523000, Datum vpisa v sodni register: [&hellip;]<\/p>","protected":false},"author":1,"featured_media":0,"parent":0,"menu_order":0,"comment_status":"closed","ping_status":"open","template":"","meta":{"footnotes":""},"class_list":["post-392","page","type-page","status-publish","hentry"],"jetpack_sharing_enabled":true,"_links":{"self":[{"href":"https:\/\/www.labiatae.si\/en\/wp-json\/wp\/v2\/pages\/392"}],"collection":[{"href":"https:\/\/www.labiatae.si\/en\/wp-json\/wp\/v2\/pages"}],"about":[{"href":"https:\/\/www.labiatae.si\/en\/wp-json\/wp\/v2\/types\/page"}],"author":[{"embeddable":true,"href":"https:\/\/www.labiatae.si\/en\/wp-json\/wp\/v2\/users\/1"}],"replies":[{"embeddable":true,"href":"https:\/\/www.labiatae.si\/en\/wp-json\/wp\/v2\/comments?post=392"}],"version-history":[{"count":11,"href":"https:\/\/www.labiatae.si\/en\/wp-json\/wp\/v2\/pages\/392\/revisions"}],"predecessor-version":[{"id":1237,"href":"https:\/\/www.labiatae.si\/en\/wp-json\/wp\/v2\/pages\/392\/revisions\/1237"}],"wp:attachment":[{"href":"https:\/\/www.labiatae.si\/en\/wp-json\/wp\/v2\/media?parent=392"}],"curies":[{"name":"wp","href":"https:\/\/api.w.org\/{rel}","templated":true}]}}