{"id":651,"date":"2022-10-26T21:40:46","date_gmt":"2022-10-26T21:40:46","guid":{"rendered":"https:\/\/www.labiatae.si\/?page_id=651"},"modified":"2023-01-25T15:52:09","modified_gmt":"2023-01-25T15:52:09","slug":"651-2","status":"publish","type":"page","link":"https:\/\/www.labiatae.si\/en\/651-2\/","title":{"rendered":"Hydrolates"},"content":{"rendered":"<div id=\"athemes-blocks-block-f45033df\" class=\"wp-block-athemes-athemes-blocks-block-container athemes-blocks-block athemes-blocks-block-f45033df athemes-blocks-block-container alignfull\"><div class=\"athemes-blocks-block-container-wrapper athemes-blocks-block-container-bg-cover athemes-blocks-block-container-bg-effect-scroll\"><img class=\"athemes-blocks-background-image\" width=\"3330\" height=\"2186\" srcset=\"https:\/\/www.labiatae.si\/wp-content\/uploads\/2022\/10\/42-300x197.png 300w, https:\/\/www.labiatae.si\/wp-content\/uploads\/2022\/10\/42.png 3330w, \" sizes=\"(max-width: 3330px) 100vw, 3330px\" alt=\"\"\/><div class=\"athemes-blocks-block-container-wrapper-content\"><div class=\"wp-block-columns is-layout-flex wp-container-core-columns-is-layout-1 wp-block-columns-is-layout-flex\"><div class=\"wp-block-column is-vertically-aligned-bottom is-layout-flow wp-block-column-is-layout-flow\" style=\"flex-basis:67%\"><h4 class=\"has-color-1-color has-text-color has-gigantic-font-size wp-block-heading\" style=\"font-style:normal;font-weight:400\">NA\u0160I HIDROLATI<\/h4>\n\n<h4 class=\"has-extra-large-font-size wp-block-heading\" style=\"font-style:normal;font-weight:300\"><em>HYDROLATES LABIATAE <\/em><\/h4>\n\n<div class=\"wp-block-buttons is-content-justification-space-between is-layout-flex wp-container-core-buttons-is-layout-1 wp-block-buttons-is-layout-flex\"><div class=\"wp-block-button\"><a class=\"wp-block-button__link has-color-0-background-color has-background wp-element-button\" href=\"https:\/\/www.labiatae.si\/en\/651-2\/\">KUPI ZDAJ<\/a><\/div><\/div><\/div>\n\n<div class=\"wp-block-column is-layout-flow wp-block-column-is-layout-flow\"><\/div>\n\n<div class=\"wp-block-column is-layout-flow wp-block-column-is-layout-flow\" style=\"flex-basis:33.33%\"><div class=\"wp-block-group\"><div class=\"wp-block-group__inner-container is-layout-flow wp-block-group-is-layout-flow\"><figure class=\"wp-block-image size-full is-resized\"><img loading=\"lazy\" decoding=\"async\" src=\"https:\/\/www.labiatae.si\/wp-content\/uploads\/2022\/10\/cropped-labiatae_logo-1.png\" alt=\"\" class=\"wp-image-600\" width=\"175\" height=\"175\" srcset=\"https:\/\/www.labiatae.si\/wp-content\/uploads\/2022\/10\/cropped-labiatae_logo-1.png 512w, https:\/\/www.labiatae.si\/wp-content\/uploads\/2022\/10\/cropped-labiatae_logo-1-300x300.png 300w, https:\/\/www.labiatae.si\/wp-content\/uploads\/2022\/10\/cropped-labiatae_logo-1-150x150.png 150w, https:\/\/www.labiatae.si\/wp-content\/uploads\/2022\/10\/cropped-labiatae_logo-1-380x380.png 380w, https:\/\/www.labiatae.si\/wp-content\/uploads\/2022\/10\/cropped-labiatae_logo-1-420x420.png 420w, https:\/\/www.labiatae.si\/wp-content\/uploads\/2022\/10\/cropped-labiatae_logo-1-100x100.png 100w, https:\/\/www.labiatae.si\/wp-content\/uploads\/2022\/10\/cropped-labiatae_logo-1-270x270.png 270w, https:\/\/www.labiatae.si\/wp-content\/uploads\/2022\/10\/cropped-labiatae_logo-1-192x192.png 192w, https:\/\/www.labiatae.si\/wp-content\/uploads\/2022\/10\/cropped-labiatae_logo-1-180x180.png 180w, https:\/\/www.labiatae.si\/wp-content\/uploads\/2022\/10\/cropped-labiatae_logo-1-32x32.png 32w\" sizes=\"(max-width: 175px) 100vw, 175px\" \/><\/figure><\/div><\/div><\/div><\/div>\n\n<p><\/p><\/div><\/div><\/div><div style=\"height:100px\" aria-hidden=\"true\" class=\"wp-block-spacer\"><\/div><h3 class=\"has-text-align-center wp-block-heading\">our fragances<\/h3><p class=\"has-text-align-center\">Labiatae for you in liqueurs, teas, hydrolats and bath soaks. <\/p><div data-block-name=\"woocommerce\/handpicked-products\" data-products=\"[1395]\" class=\"wc-block-grid wp-block-handpicked-products wc-block-handpicked-products has-3-columns has-multiple-rows\"><ul class=\"wc-block-grid__products\"><li class=\"wc-block-grid__product product-grid\">\n\t\t\t\t<div class=\"loop-image-wrap botiga-add-to-cart-button-layout2 botiga-quick-view-button-layout2\">\n\t\t\t\t\t<a href=\"https:\/\/www.labiatae.si\/en\/product\/hidrolat-mete-mentha-arvensis\/\" class=\"wc-block-grid__product-link\" title=\"Read more\" data-no-translation-title=\"\">\n\t\t\t\t\t\t<div class=\"wc-block-grid__product-image\"><img loading=\"lazy\" decoding=\"async\" width=\"420\" height=\"383\" src=\"https:\/\/www.labiatae.si\/wp-content\/uploads\/2023\/01\/izdelek-420x383.png\" class=\"attachment-woocommerce_thumbnail size-woocommerce_thumbnail\" alt=\"Hidrolat mete - mentha arvensis\" srcset=\"https:\/\/www.labiatae.si\/wp-content\/uploads\/2023\/01\/izdelek-420x383.png 420w, https:\/\/www.labiatae.si\/wp-content\/uploads\/2023\/01\/izdelek-300x274.png 300w, https:\/\/www.labiatae.si\/wp-content\/uploads\/2023\/01\/izdelek-1024x934.png 1024w, https:\/\/www.labiatae.si\/wp-content\/uploads\/2023\/01\/izdelek-768x701.png 768w, https:\/\/www.labiatae.si\/wp-content\/uploads\/2023\/01\/izdelek-1536x1401.png 1536w, https:\/\/www.labiatae.si\/wp-content\/uploads\/2023\/01\/izdelek-2048x1868.png 2048w, https:\/\/www.labiatae.si\/wp-content\/uploads\/2023\/01\/izdelek-13x12.png 13w, https:\/\/www.labiatae.si\/wp-content\/uploads\/2023\/01\/izdelek-1140x1040.png 1140w, https:\/\/www.labiatae.si\/wp-content\/uploads\/2023\/01\/izdelek-920x839.png 920w, https:\/\/www.labiatae.si\/wp-content\/uploads\/2023\/01\/izdelek-575x525.png 575w, https:\/\/www.labiatae.si\/wp-content\/uploads\/2023\/01\/izdelek-380x347.png 380w, https:\/\/www.labiatae.si\/wp-content\/uploads\/2023\/01\/izdelek-800x730.png 800w\" sizes=\"(max-width: 420px) 100vw, 420px\" \/><\/div>\n\t\t\t\t\t<\/a>\n\t<a href=\"#\" class=\"button botiga-quick-view-show-on-hover botiga-quick-view botiga-quick-view-layout2\" aria-label=\"Quick view the Hidrolat mete &#8211; mentha arvensis product\" data-product-id=\"1395\" data-nonce=\"ef5dedd2db\">\n\t\tQuick View\t<\/a>\n\t<\/div><a href=\"https:\/\/www.labiatae.si\/en\/product\/hidrolat-mete-mentha-arvensis\/\" class=\"wc-block-grid__product-link\">\n\t\t\t\t\t<div class=\"wc-block-grid__product-title\">Hidrolat mete &#8211; mentha arvensis<\/div>\n\t\t\t\t<\/a><div class=\"wc-block-grid__product-price price\"><span class=\"woocommerce-Price-amount amount\"><span class=\"woocommerce-Price-currencySymbol\">&euro;<\/span>12.00<\/span><\/div><div class=\"wp-block-button wc-block-grid__product-add-to-cart\"><div class=\"loop-button-wrap button-width-auto button-layout2\"><a href=\"https:\/\/www.labiatae.si\/en\/product\/hidrolat-mete-mentha-arvensis\/\" aria-label=\"Read more about \u201cHidrolat mete - mentha arvensis\u201d\" data-quantity=\"1\" data-product_id=\"1395\" data-product_sku=\"\" rel=\"nofollow\" class=\"button wp-block-button__link add_to_cart_button\" data-no-translation=\"\" data-trp-gettext=\"\" data-no-translation-aria-label=\"\">Read more<\/a><\/div><\/div><\/li><\/ul><\/div>","protected":false},"excerpt":{"rendered":"<p>na\u0161e di\u0161ave Labiatae za vas v likerjih, \u010dajih, hidrolatih in kopelih.<\/p>","protected":false},"author":1,"featured_media":0,"parent":0,"menu_order":0,"comment_status":"closed","ping_status":"closed","template":"","meta":{"footnotes":""},"class_list":["post-651","page","type-page","status-publish","hentry"],"jetpack_sharing_enabled":true,"_links":{"self":[{"href":"https:\/\/www.labiatae.si\/en\/wp-json\/wp\/v2\/pages\/651"}],"collection":[{"href":"https:\/\/www.labiatae.si\/en\/wp-json\/wp\/v2\/pages"}],"about":[{"href":"https:\/\/www.labiatae.si\/en\/wp-json\/wp\/v2\/types\/page"}],"author":[{"embeddable":true,"href":"https:\/\/www.labiatae.si\/en\/wp-json\/wp\/v2\/users\/1"}],"replies":[{"embeddable":true,"href":"https:\/\/www.labiatae.si\/en\/wp-json\/wp\/v2\/comments?post=651"}],"version-history":[{"count":65,"href":"https:\/\/www.labiatae.si\/en\/wp-json\/wp\/v2\/pages\/651\/revisions"}],"predecessor-version":[{"id":1405,"href":"https:\/\/www.labiatae.si\/en\/wp-json\/wp\/v2\/pages\/651\/revisions\/1405"}],"wp:attachment":[{"href":"https:\/\/www.labiatae.si\/en\/wp-json\/wp\/v2\/media?parent=651"}],"curies":[{"name":"wp","href":"https:\/\/api.w.org\/{rel}","templated":true}]}}