{"id":1395,"date":"2023-01-24T16:28:45","date_gmt":"2023-01-24T16:28:45","guid":{"rendered":"https:\/\/www.labiatae.si\/?post_type=product&#038;p=1395"},"modified":"2023-01-25T15:49:04","modified_gmt":"2023-01-25T15:49:04","slug":"hidrolat-mete-mentha-arvensis","status":"publish","type":"product","link":"https:\/\/www.labiatae.si\/en\/product\/hidrolat-mete-mentha-arvensis\/","title":{"rendered":"Hidrolat mete &#8211; mentha arvensis"},"content":{"rendered":"<p>Hidrolat mete je 100% naravno pridelan in \u010dist hidrolat dvije mete (<em>mentha arvensis<\/em>), ki smo jo razmo\u017eili pri Labiatae, ter hidrolat pridobili s parno destilacijo in filtriranjem.<br \/>\nLahko deluje hladilno ali grelno in ima pomiritven in stimulativen u\u010dinek. U\u010dinkovito vitalizira in energizira, pomaga pa tudi pri spro\u0161\u010danju napetih mi\u0161ic in bla\u017ei bole\u010dine pri po\u0161kodbah ter pomirja razdra\u017eeno aknasto ko\u017eo. Ta vsestransko uporabni hidrolat lahko vzamete seboj, kamorkoli se odpravite, saj je pakiran v priro\u010dnih 125ml steklenih stekleni\u010dah, prijazen do okolja in prijazen do vas. Izdelek je namenjen za zunanjo uporabo in lahko vsebuje alergene (limonene).<\/p>\n<p>Koli\u010dina: 125 ml<\/p>\n<p>&#8211; Delovanje: vitalizira in pomirja, spodbuja cirkulacijo, deluje stimulirajo\u010de, energizirajo\u010de, \u010distilno in osve\u017eujo\u010de<br \/>\n&#8211; Uporaba: Osve\u017eilno razpr\u0161ilo, tonik (vodni nadomestek)<\/p>\n<p><strong>Sve\u017ee rastline iz lokalnega okolja Haloze Slovenija<\/strong><\/p>\n<p>bistvo LABIATAE so naravni buti\u010dni izdelki iz porekla lokalnih sestavin, ki jih bogatijo. Ob upo\u0161tevanju znanstvenih izsledkov o blagodejnih vplivih narave smo pri izdelavi naravnih izdelkov naredili korak naprej z drugimi buti\u010dnimi pridelovalci, saj visoko u\u010dinkovite izdelke izdelujemo iz kar se da sve\u017eih zeli\u0161\u010d in di\u0161avnic, ki so nabrane ob najbolj\u0161em \u010dasu. Mo\u010d nabranih di\u0161avnic in zeli\u0161\u010d namre\u010d plahni, kvaliteta izdelka, ki ni takoj izdelan pa tako posledi\u010dno upada. Zato pri LABIATAE uporabljamo le sve\u017ee sestavine iz lokalnega okolja, velik del iz lastne zeli\u0161\u010dne kmetije, ki se nahaja v osr\u010dju Haloz.<\/p>\n<p>Mentha arvensis, poljska meta ali divja meta, je vrsta cveto\u010de rastline iz dru\u017eine met Labiatae. Izvira iz zmernih regij in je raz\u0161irjenja po vsem svetu (Evropa, zahodna in srednja Azija, Severna Amerika&#8230;). Raste na vla\u017enih mestih, predvsem ob potokih. Najdi\u0161\u010de te samorasle mete se nahaja tudi v Halozah, kjer smo jo razmno\u017eili in iz nje pripravili prvi hidrolat. Na voljo v na\u0161i spletni trgovini kmalu ob pomladanski obnovitvi sve\u017eih zalog.<\/p>","protected":false},"excerpt":{"rendered":"<p>Hidrolat mete je 100% naravno pridelan in \u010dist hidrolat dvije mete, ki lahko deluje hladilno ali grelno in ima pomiritven in stimulativen u\u010dinek. Pridobljen je iz sve\u017eih in lokalnih sestavin iz osr\u010dja Haloz.<\/p>","protected":false},"featured_media":1396,"comment_status":"open","ping_status":"closed","template":"","meta":[],"product_cat":[22],"product_tag":[],"class_list":{"0":"post-1395","1":"product","2":"type-product","3":"status-publish","4":"has-post-thumbnail","6":"product_cat-kozmetika","8":"first","9":"outofstock","10":"shipping-taxable","11":"purchasable","12":"product-type-simple"},"jetpack_sharing_enabled":true,"_links":{"self":[{"href":"https:\/\/www.labiatae.si\/en\/wp-json\/wp\/v2\/product\/1395"}],"collection":[{"href":"https:\/\/www.labiatae.si\/en\/wp-json\/wp\/v2\/product"}],"about":[{"href":"https:\/\/www.labiatae.si\/en\/wp-json\/wp\/v2\/types\/product"}],"replies":[{"embeddable":true,"href":"https:\/\/www.labiatae.si\/en\/wp-json\/wp\/v2\/comments?post=1395"}],"wp:featuredmedia":[{"embeddable":true,"href":"https:\/\/www.labiatae.si\/en\/wp-json\/wp\/v2\/media\/1396"}],"wp:attachment":[{"href":"https:\/\/www.labiatae.si\/en\/wp-json\/wp\/v2\/media?parent=1395"}],"wp:term":[{"taxonomy":"product_cat","embeddable":true,"href":"https:\/\/www.labiatae.si\/en\/wp-json\/wp\/v2\/product_cat?post=1395"},{"taxonomy":"product_tag","embeddable":true,"href":"https:\/\/www.labiatae.si\/en\/wp-json\/wp\/v2\/product_tag?post=1395"}],"curies":[{"name":"wp","href":"https:\/\/api.w.org\/{rel}","templated":true}]}}